{"id":23,"date":"2021-04-19T20:35:58","date_gmt":"2021-04-19T18:35:58","guid":{"rendered":"https:\/\/www.aoh-hohenacker.de\/?page_id=23"},"modified":"2021-04-19T20:35:58","modified_gmt":"2021-04-19T18:35:58","slug":"cd","status":"publish","type":"page","link":"https:\/\/www.aoh-hohenacker.de\/?page_id=23","title":{"rendered":"CD"},"content":{"rendered":"\n<p>Das herausragende Ereignis im Jahr 2000, gleichzeitig eine gro\u00dfe Herausforderung f\u00fcr alle Spielerinnen und Spieler des Akkordeon-Orchesters Hohenacker sowie f\u00fcr unsere Dirigenten war die Aufnahme unserer CD &#8222;Inside View&#8220;.<\/p>\n\n\n\n<p>Die Rhythmusgruppe gab den Takt vor. An einem Wochenende im Dezember &#8217;99 wurde der sogenannte Rough-Mix erstellt. Von da an konnten die Orchesterspieler die St\u00fccke bei den Proben in Hohenacker auf die bereits aufgenommen Rhythmusspuren optimieren. Ende Januar wurde das MTS Studio in Albstadt f\u00fcr 2 Wochenenden angemietet und damit begann der &#8222;Ernst&#8220; f\u00fcr alle Spieler. Jedes Orchester hatte seine fest vorgegebenen Aufnahmetermine bei denen jede einzelne Stimme und das Zusammenspiel ausgefeilt wurde. Manche Momente waren hart, denn einzelne Passagen mussten immer und immer wieder wiederholt und verbessert werden, bis sie nach Ansicht unserer Dirigenten und des Aufnahmeleiters &#8222;CD-reif&#8220; waren. Daf\u00fcr kann sich das Ergebnis nun auch sehen oder besser gesagt, h\u00f6ren lassen. Eine bunte Mischung aus Rock &amp; Pop, Volksmusik und Evergreens haben die 68 beteiligten Spielerinnen und Spieler auf diese CD gebrannt; vom Starwars-Thema \u00fcber ein Comedian-Harmonists-Medley, Queens &#8222;Bohemian Rhapsody&#8220;, Tito Puentes &#8222;Oye Como Va&#8220;, German Alps Festival March und vieles mehr.<\/p>\n\n\n\n<p>Auch das Cover verspricht tiefe Einsichten: Inside View &#8211; \u00fcberraschend, vielf\u00e4ltig, vielschichtig, kompliziert. Der grafische Schnitt eines Akkordeons, das zun\u00e4chst gar nicht als solches zu erkennen ist. Erst beim Auseinanderfalten des Booklets und bei genauer Betrachtung der Skizze, die eine Art Schaltplan ist, enth\u00fcllt sich hier die Inneneinsicht in ein Akkordeon und die einzelnen Funktionen. In den Registerbezeichnungen finden sich sozusagen &#8222;verschl\u00fcsselt&#8220; die beteiligten Orchester wieder.<\/p>\n\n\n\n<p>Zum Abschluss dieses Projekts fand im M\u00e4rz 2000 die Pr\u00e4sentation der CD im B\u00fcrgerhaus Hohenacker statt, bei der die aufgenommenen St\u00fccke von den einzelnen Orchestern live zu h\u00f6ren waren.<br>An dieser Stelle nochmals ein herzliches Dankesch\u00f6n an alle Freunde unseres Vereins, die uns bei den CD-Aufnahmen unterst\u00fctzt haben.<\/p>\n","protected":false},"excerpt":{"rendered":"<p>Das herausragende Ereignis im Jahr 2000, gleichzeitig eine gro\u00dfe Herausforderung f\u00fcr alle Spielerinnen und Spieler des Akkordeon-Orchesters Hohenacker sowie f\u00fcr unsere Dirigenten war die Aufnahme unserer CD &#8222;Inside View&#8220;. Die Rhythmusgruppe [&hellip;]<\/p>\n","protected":false},"author":1,"featured_media":0,"parent":0,"menu_order":0,"comment_status":"closed","ping_status":"closed","template":"","meta":{"footnotes":""},"class_list":["post-23","page","type-page","status-publish","hentry","post"],"_links":{"self":[{"href":"https:\/\/www.aoh-hohenacker.de\/index.php?rest_route=\/wp\/v2\/pages\/23","targetHints":{"allow":["GET"]}}],"collection":[{"href":"https:\/\/www.aoh-hohenacker.de\/index.php?rest_route=\/wp\/v2\/pages"}],"about":[{"href":"https:\/\/www.aoh-hohenacker.de\/index.php?rest_route=\/wp\/v2\/types\/page"}],"author":[{"embeddable":true,"href":"https:\/\/www.aoh-hohenacker.de\/index.php?rest_route=\/wp\/v2\/users\/1"}],"replies":[{"embeddable":true,"href":"https:\/\/www.aoh-hohenacker.de\/index.php?rest_route=%2Fwp%2Fv2%2Fcomments&post=23"}],"version-history":[{"count":0,"href":"https:\/\/www.aoh-hohenacker.de\/index.php?rest_route=\/wp\/v2\/pages\/23\/revisions"}],"wp:attachment":[{"href":"https:\/\/www.aoh-hohenacker.de\/index.php?rest_route=%2Fwp%2Fv2%2Fmedia&parent=23"}],"curies":[{"name":"wp","href":"https:\/\/api.w.org\/{rel}","templated":true}]}}